{"id":1006,"date":"2025-12-06T22:22:57","date_gmt":"2025-12-07T01:22:57","guid":{"rendered":"https:\/\/www.val-valen.cl\/musica\/wordpress\/nuestras-carreras\/"},"modified":"2025-12-13T22:27:46","modified_gmt":"2025-12-14T01:27:46","slug":"nuestras-carreras","status":"publish","type":"page","link":"https:\/\/www.val-valen.cl\/musica\/wordpress\/nuestras-carreras\/","title":{"rendered":"Nuestras carreras"},"content":{"rendered":"\n<div class=\"wp-block-group alignfull has-white-background-color has-background is-layout-constrained wp-container-core-group-is-layout-7ad7e12d wp-block-group-is-layout-constrained\" style=\"margin-top:-100px;margin-bottom:-100px;padding-top:20rem;padding-bottom:20rem;background-image:url(&apos;https:\/\/www.val-valen.cl\/musica\/wordpress\/wp-content\/uploads\/2025\/12\/Recurso-2-1.png&apos;);background-size:cover;\">\n<p><\/p>\n\n\n\n<h1 class=\"wp-block-heading has-text-align-center has-palette-color-8-color has-text-color has-link-color has-xx-large-font-size wp-elements-f1b074791567a5bcccf24a579ca052f2\" style=\"margin-top:0;margin-bottom:20px;font-style:normal;font-weight:800;line-height:1.2\">NUESTRAS CARRERAS<\/h1>\n\n\n\n<p class=\"has-text-align-center has-white-color has-text-color has-link-color wp-elements-6c20827e66a8ddca282a4bb8e2f2534f\" style=\"margin-bottom:var(--wp--preset--spacing--60)\"><\/p>\n<\/div>\n\n\n\n<div class=\"wp-block-group alignfull has-background is-layout-constrained wp-block-group-is-layout-constrained\" style=\"background-color:#303880;margin-top:-200px;margin-bottom:-200px;padding-top:7rem;padding-bottom:7rem\">\n<div class=\"wp-block-columns are-vertically-aligned-center is-layout-flex wp-container-core-columns-is-layout-66fad18a wp-block-columns-is-layout-flex\">\n<div class=\"wp-block-column is-vertically-aligned-center is-layout-flow wp-block-column-is-layout-flow\" style=\"flex-basis:45%\">\n<div class=\"wp-block-columns is-layout-flex wp-container-core-columns-is-layout-2709eace wp-block-columns-is-layout-flex\">\n<div class=\"wp-block-column is-layout-flow wp-block-column-is-layout-flow\">\n<div style=\"height:60px\" aria-hidden=\"true\" class=\"wp-block-spacer ct-hidden-md ct-hidden-sm\"><\/div>\n\n\n\n<figure class=\"wp-block-image size-full has-custom-border\" style=\"margin-bottom:30px\"><img fetchpriority=\"high\" decoding=\"async\" width=\"969\" height=\"791\" src=\"https:\/\/www.val-valen.cl\/musica\/wordpress\/wp-content\/uploads\/2025\/12\/imagen_2025-12-13_222134455.png\" alt=\"\" class=\"wp-image-1317\" style=\"border-radius:20px;aspect-ratio:1;object-fit:cover\" srcset=\"https:\/\/www.val-valen.cl\/musica\/wordpress\/wp-content\/uploads\/2025\/12\/imagen_2025-12-13_222134455.png 969w, https:\/\/www.val-valen.cl\/musica\/wordpress\/wp-content\/uploads\/2025\/12\/imagen_2025-12-13_222134455-300x245.png 300w, https:\/\/www.val-valen.cl\/musica\/wordpress\/wp-content\/uploads\/2025\/12\/imagen_2025-12-13_222134455-768x627.png 768w\" sizes=\"(max-width: 969px) 100vw, 969px\" \/><\/figure>\n\n\n\n<figure class=\"wp-block-image size-full has-custom-border\"><img decoding=\"async\" width=\"640\" height=\"710\" src=\"https:\/\/www.val-valen.cl\/musica\/wordpress\/wp-content\/uploads\/2025\/12\/imagen_2025-12-13_221959191.png\" alt=\"\" class=\"wp-image-1316\" style=\"border-radius:20px;aspect-ratio:1;object-fit:cover\" srcset=\"https:\/\/www.val-valen.cl\/musica\/wordpress\/wp-content\/uploads\/2025\/12\/imagen_2025-12-13_221959191.png 640w, https:\/\/www.val-valen.cl\/musica\/wordpress\/wp-content\/uploads\/2025\/12\/imagen_2025-12-13_221959191-270x300.png 270w\" sizes=\"(max-width: 640px) 100vw, 640px\" \/><\/figure>\n<\/div>\n\n\n\n<div class=\"wp-block-column is-layout-flow wp-block-column-is-layout-flow\">\n<figure class=\"wp-block-image size-full has-custom-border\" style=\"margin-bottom:30px\"><img decoding=\"async\" width=\"857\" height=\"738\" src=\"https:\/\/www.val-valen.cl\/musica\/wordpress\/wp-content\/uploads\/2025\/12\/imagen_2025-12-13_222416106.png\" alt=\"\" class=\"wp-image-1318\" style=\"border-radius:20px;aspect-ratio:1;object-fit:cover\" srcset=\"https:\/\/www.val-valen.cl\/musica\/wordpress\/wp-content\/uploads\/2025\/12\/imagen_2025-12-13_222416106.png 857w, https:\/\/www.val-valen.cl\/musica\/wordpress\/wp-content\/uploads\/2025\/12\/imagen_2025-12-13_222416106-300x258.png 300w, https:\/\/www.val-valen.cl\/musica\/wordpress\/wp-content\/uploads\/2025\/12\/imagen_2025-12-13_222416106-768x661.png 768w\" sizes=\"(max-width: 857px) 100vw, 857px\" \/><\/figure>\n\n\n\n<figure class=\"wp-block-image size-full has-custom-border\"><img loading=\"lazy\" decoding=\"async\" width=\"605\" height=\"582\" src=\"https:\/\/www.val-valen.cl\/musica\/wordpress\/wp-content\/uploads\/2025\/12\/imagen_2025-12-13_222728612.png\" alt=\"\" class=\"wp-image-1320\" style=\"border-radius:20px;aspect-ratio:1;object-fit:cover\" srcset=\"https:\/\/www.val-valen.cl\/musica\/wordpress\/wp-content\/uploads\/2025\/12\/imagen_2025-12-13_222728612.png 605w, https:\/\/www.val-valen.cl\/musica\/wordpress\/wp-content\/uploads\/2025\/12\/imagen_2025-12-13_222728612-300x289.png 300w\" sizes=\"(max-width: 605px) 100vw, 605px\" \/><\/figure>\n<\/div>\n<\/div>\n<\/div>\n\n\n\n<div class=\"wp-block-column is-vertically-aligned-center is-layout-flow wp-block-column-is-layout-flow\">\n<h1 class=\"wp-block-heading has-palette-color-8-color has-text-color has-link-color wp-elements-f4caa3e9e17c1abe99c376940e250909\" style=\"margin-bottom:20px;font-size:clamp(37.821px, 2.364rem + ((1vw - 3.2px) * 2.514), 70px);font-style:normal;font-weight:800;line-height:1.2\">Tu camino comienza con los idiomas<\/h1>\n\n\n\n<p class=\"has-palette-color-8-color has-text-color has-link-color has-medium-font-size wp-elements-b4b0caddd021d55ca5be8c380a5138e7\" style=\"border-bottom-color:#0000001f;border-bottom-style:solid;border-bottom-width:1px;margin-bottom:40px;padding-bottom:40px\">Si te interesa el ingl\u00e9s, la comunicaci\u00f3n y el intercambio cultural, el Departamento de Idiomas te invita a conocer sus carreras y oportunidades de formaci\u00f3n. Da el primer paso hacia una experiencia acad\u00e9mica que ampl\u00eda tus horizontes.<\/p>\n<\/div>\n<\/div>\n<\/div>\n\n\n\n<div class=\"wp-block-group alignfull has-white-background-color has-background is-layout-constrained wp-container-core-group-is-layout-72b225f9 wp-block-group-is-layout-constrained\" style=\"margin-top:200px;margin-bottom:200px;padding-top:7rem;padding-bottom:7rem\">\n<h1 class=\"wp-block-heading has-text-align-center has-black-color has-text-color has-link-color has-xx-large-font-size wp-elements-573e85893cd1500f00242091f5a8c988\" style=\"margin-top:0;margin-bottom:var(--wp--preset--spacing--50);font-style:normal;font-weight:800;line-height:1.2\">Explora nuestras carreras<\/h1>\n\n\n\n<p class=\"has-text-align-center has-black-color has-text-color has-link-color wp-elements-10a9ded219912ba06981aacbea803aba\" style=\"margin-bottom:var(--wp--preset--spacing--80);font-size:clamp(16.834px, 1.052rem + ((1vw - 3.2px) * 0.716), 26px);\">Te invitamos a explorar nuestras carreras y descubrir las oportunidades acad\u00e9micas y profesionales que ofrece el estudio del idioma ingl\u00e9s. Encuentra una formaci\u00f3n acorde a tus intereses y proyecci\u00f3n futura.<\/p>\n\n\n\n<div class=\"wp-block-columns is-layout-flex wp-container-core-columns-is-layout-643ced6b wp-block-columns-is-layout-flex\">\n<div class=\"wp-block-column has-border-color has-palette-color-8-color has-text-color has-background has-link-color wp-elements-a9d84ebaee1eb7a4b9e76b34fcbafb8c is-layout-flow wp-container-core-column-is-layout-96095041 wp-block-column-is-layout-flow\" style=\"border-color:#0000001f;border-style:solid;border-width:1px;border-radius:20px;background-color:#678fca;padding-top:var(--wp--preset--spacing--70);padding-right:var(--wp--preset--spacing--70);padding-bottom:var(--wp--preset--spacing--70);padding-left:var(--wp--preset--spacing--70)\">\n<h2 class=\"wp-block-heading has-text-align-center has-palette-color-8-color has-text-color has-link-color wp-elements-3094dc01802df73364bd4e53b3341c83\" style=\"margin-bottom:20px;font-size:clamp(24.034px, 1.502rem + ((1vw - 3.2px) * 1.247), 40px);\">LICENCIATURA EN INGL\u00c9S<\/h2>\n\n\n\n<p class=\"has-text-align-center has-palette-color-6-color has-text-color has-link-color wp-elements-7c6334130b66898239fd48eb9cefe026\" style=\"border-bottom-color:#0000001f;border-bottom-style:solid;border-bottom-width:1px;margin-bottom:50px;padding-bottom:50px;font-size:clamp(16.834px, 1.052rem + ((1vw - 3.2px) * 0.716), 26px);\"><strong>\u00bfTe apasiona el idioma ingl\u00e9s y la comunicaci\u00f3n intercultural?<\/strong><\/p>\n\n\n\n<p class=\"has-text-align-center has-palette-color-6-color has-text-color has-link-color wp-elements-3675d6a34240e325a793641262413c37\" style=\"border-bottom-color:#0000001f;border-bottom-style:solid;border-bottom-width:1px;margin-bottom:50px;padding-bottom:50px;font-size:clamp(14px, 0.875rem + ((1vw - 3.2px) * 0.469), 20px);\"><strong>Licenciatura en Ingl\u00e9s<\/strong> te invita a formarte en el estudio del idioma desde una perspectiva ling\u00fc\u00edstica, cultural y acad\u00e9mica s\u00f3lida.<br>A lo largo de la carrera desarrollar\u00e1s competencias comunicativas, anal\u00edticas y culturales que te permitir\u00e1n desenvolverte en contextos acad\u00e9micos, profesionales y multiculturales diversos.<\/p>\n\n\n\n<p class=\"has-palette-color-8-color has-text-color has-link-color wp-elements-ec742c17808375dc466aac74a06b3d94\" style=\"font-size:clamp(16.834px, 1.052rem + ((1vw - 3.2px) * 0.716), 26px);\"><strong>\u00bfQu\u00e9 encontrar\u00e1s en esta carrera?<\/strong><\/p>\n\n\n\n<ul style=\"margin-bottom:50px\" class=\"wp-block-list has-black-color has-text-color has-link-color wp-elements-9442b533257f8d526db0962b65604ec0\">\n<li class=\"has-palette-color-6-color has-text-color has-link-color has-medium-font-size wp-elements-40cf24df0ac57e0ec2f5a8ae0d49d239\">Formaci\u00f3n s\u00f3lida en lengua y cultura inglesa en diversos contextos<\/li>\n\n\n\n<li class=\"has-palette-color-6-color has-text-color has-link-color wp-elements-5038f03e0d3b6c11cc2dc04d9787a4fc\" style=\"font-size:clamp(14px, 0.875rem + ((1vw - 3.2px) * 0.469), 20px);\">Proyecci\u00f3n acad\u00e9mica y profesional en distintos \u00e1mbitos<\/li>\n\n\n\n<li class=\"has-palette-color-6-color has-text-color has-link-color wp-elements-c11e18c7a989e5e91443b99c4cbbf57f\" style=\"font-size:clamp(14px, 0.875rem + ((1vw - 3.2px) * 0.469), 20px);\">Formaci\u00f3n s\u00f3lida en lengua y cultura inglesa<\/li>\n\n\n\n<li class=\"has-palette-color-6-color has-text-color has-link-color wp-elements-dbaad92ddbd897272c74864aeb839603\" style=\"font-size:clamp(14px, 0.875rem + ((1vw - 3.2px) * 0.469), 20px);\">Desarrollo de competencias comunicativas avanzadas<\/li>\n<\/ul>\n\n\n\n<div class=\"wp-block-buttons is-layout-flex wp-block-buttons-is-layout-flex\" style=\"margin-bottom:40px\">\n<div class=\"wp-block-button has-custom-width wp-block-button__width-100 is-style-outline is-style-outline--1\"><a class=\"wp-block-button__link has-background has-custom-font-size wp-element-button\" href=\"https:\/\/www.val-valen.cl\/musica\/wordpress\/contact\/\" style=\"border-radius:8px;background-color:#303880;padding-top:15px;padding-bottom:15px;font-size:clamp(14px, 0.875rem + ((1vw - 3.2px) * 0.313), 18px);font-style:normal;font-weight:600\">SABER M\u00c1S<\/a><\/div>\n<\/div>\n<\/div>\n\n\n\n<div class=\"wp-block-column has-border-color has-background is-layout-flow wp-container-core-column-is-layout-96095041 wp-block-column-is-layout-flow\" style=\"border-color:#0000001f;border-style:solid;border-width:1px;border-radius:20px;background-color:#678fca;padding-top:var(--wp--preset--spacing--70);padding-right:var(--wp--preset--spacing--70);padding-bottom:var(--wp--preset--spacing--70);padding-left:var(--wp--preset--spacing--70)\">\n<h4 class=\"wp-block-heading has-text-align-center has-white-color has-text-color has-link-color wp-elements-b86eec0e95443213c019a6a419e17f99\" style=\"margin-bottom:20px;font-size:clamp(24.034px, 1.502rem + ((1vw - 3.2px) * 1.247), 40px);\">PEDAGOG\u00cdA EN INGL\u00c9S<\/h4>\n\n\n\n<p class=\"has-text-align-center has-palette-color-6-color has-text-color has-link-color wp-elements-15dbb1a0ce70d87bf4a81d271b935f2d\" style=\"border-bottom-color:#0000001f;border-bottom-style:solid;border-bottom-width:1px;margin-bottom:50px;padding-bottom:50px;font-size:clamp(16.834px, 1.052rem + ((1vw - 3.2px) * 0.716), 26px);\"><strong>\u00bfTe interesa ense\u00f1ar ingl\u00e9s y aportar a la formaci\u00f3n de nuevas generaciones?<\/strong><\/p>\n\n\n\n<p class=\"has-text-align-center has-palette-color-6-color has-text-color has-link-color wp-elements-8493db75d208264233c2fda88135207d\" style=\"border-bottom-color:#0000001f;border-bottom-style:solid;border-bottom-width:1px;margin-bottom:50px;padding-bottom:50px;font-size:clamp(14px, 0.875rem + ((1vw - 3.2px) * 0.469), 20px);\"><strong><strong>Pedagog\u00eda en Ingl\u00e9<\/strong>s<\/strong> te invita a formarte como docente con un s\u00f3lido dominio del idioma y una preparaci\u00f3n pedag\u00f3gica integral.<br>A lo largo de la carrera desarrollar\u00e1s competencias ling\u00fc\u00edsticas, did\u00e1cticas y educativas que te permitir\u00e1n ense\u00f1ar ingl\u00e9s de manera efectiva, inclusiva y contextualizada en diversos entornos escolares.<\/p>\n\n\n\n<p class=\"has-palette-color-8-color has-text-color has-link-color wp-elements-ec742c17808375dc466aac74a06b3d94\" style=\"font-size:clamp(16.834px, 1.052rem + ((1vw - 3.2px) * 0.716), 26px);\"><strong>\u00bfQu\u00e9 encontrar\u00e1s en esta carrera?<\/strong><\/p>\n\n\n\n<ul style=\"margin-bottom:50px\" class=\"wp-block-list has-black-color has-text-color has-link-color wp-elements-a139356c1a43bb3838c36a0375879946\">\n<li class=\"has-white-color has-text-color has-link-color wp-elements-cfd80d374949578bc85455bfe4529721\" style=\"font-size:clamp(14px, 0.875rem + ((1vw - 3.2px) * 0.469), 20px);\">Formaci\u00f3n s\u00f3lida en lengua inglesa<\/li>\n\n\n\n<li class=\"has-palette-color-8-color has-text-color has-link-color has-medium-font-size wp-elements-cf5432af09e5a39459e7d7307fae7bb7\">Proyecci\u00f3n profesional en contextos educativos diversos<\/li>\n\n\n\n<li class=\"has-white-color has-text-color has-link-color wp-elements-2e91c2341c1e757aef4245e7a591530b\" style=\"font-size:clamp(14px, 0.875rem + ((1vw - 3.2px) * 0.469), 20px);\">Desarrollo de competencias pedag\u00f3gicas y did\u00e1cticas<\/li>\n\n\n\n<li class=\"has-white-color has-text-color has-link-color wp-elements-3001a0d839d9fe7f0ac16e25f85b6af2\" style=\"font-size:clamp(14px, 0.875rem + ((1vw - 3.2px) * 0.469), 20px);\">Preparaci\u00f3n para el ejercicio docente en distintos contextos educativos<\/li>\n<\/ul>\n\n\n\n<div class=\"wp-block-buttons is-layout-flex wp-block-buttons-is-layout-flex\" style=\"margin-bottom:40px\">\n<div class=\"wp-block-button has-custom-width wp-block-button__width-100 is-style-outline is-style-outline--2\"><a class=\"wp-block-button__link has-background has-custom-font-size wp-element-button\" href=\"https:\/\/www.val-valen.cl\/musica\/wordpress\/sample-page\/\" style=\"border-radius:8px;background-color:#303880;padding-top:15px;padding-bottom:15px;font-size:clamp(14px, 0.875rem + ((1vw - 3.2px) * 0.313), 18px);font-style:normal;font-weight:600\">SABER M\u00c1S<\/a><\/div>\n<\/div>\n<\/div>\n<\/div>\n\n\n\n<p><\/p>\n<\/div>\n","protected":false},"excerpt":{"rendered":"<p>NUESTRAS CARRERAS Tu camino comienza con los idiomas Si te interesa el ingl\u00e9s, la comunicaci\u00f3n y el intercambio cultural, el Departamento de Idiomas te invita a conocer sus carreras y oportunidades de formaci\u00f3n. Da el primer paso hacia una experiencia acad\u00e9mica que ampl\u00eda tus horizontes. Explora nuestras carreras Te invitamos a explorar nuestras carreras y [&hellip;]<\/p>\n","protected":false},"author":1,"featured_media":0,"parent":0,"menu_order":0,"comment_status":"closed","ping_status":"closed","template":"","meta":{"footnotes":""},"class_list":["post-1006","page","type-page","status-publish","hentry"],"blocksy_meta":[],"_links":{"self":[{"href":"https:\/\/www.val-valen.cl\/musica\/wordpress\/wp-json\/wp\/v2\/pages\/1006","targetHints":{"allow":["GET"]}}],"collection":[{"href":"https:\/\/www.val-valen.cl\/musica\/wordpress\/wp-json\/wp\/v2\/pages"}],"about":[{"href":"https:\/\/www.val-valen.cl\/musica\/wordpress\/wp-json\/wp\/v2\/types\/page"}],"author":[{"embeddable":true,"href":"https:\/\/www.val-valen.cl\/musica\/wordpress\/wp-json\/wp\/v2\/users\/1"}],"replies":[{"embeddable":true,"href":"https:\/\/www.val-valen.cl\/musica\/wordpress\/wp-json\/wp\/v2\/comments?post=1006"}],"version-history":[{"count":31,"href":"https:\/\/www.val-valen.cl\/musica\/wordpress\/wp-json\/wp\/v2\/pages\/1006\/revisions"}],"predecessor-version":[{"id":1405,"href":"https:\/\/www.val-valen.cl\/musica\/wordpress\/wp-json\/wp\/v2\/pages\/1006\/revisions\/1405"}],"wp:attachment":[{"href":"https:\/\/www.val-valen.cl\/musica\/wordpress\/wp-json\/wp\/v2\/media?parent=1006"}],"curies":[{"name":"wp","href":"https:\/\/api.w.org\/{rel}","templated":true}]}}