{"id":174,"date":"2022-01-19T08:11:42","date_gmt":"2022-01-19T08:11:42","guid":{"rendered":"https:\/\/www.val-valen.cl\/musica\/wordpress\/contact\/"},"modified":"2025-12-14T04:33:27","modified_gmt":"2025-12-14T07:33:27","slug":"contact","status":"publish","type":"page","link":"https:\/\/www.val-valen.cl\/musica\/wordpress\/contact\/","title":{"rendered":"Licenciatura en Ingl\u00e9s"},"content":{"rendered":"\n<div class=\"wp-block-group alignfull has-black-background-color has-background is-layout-constrained wp-block-group-is-layout-constrained\" style=\"margin-top:-65px;margin-bottom:-65px;padding-top:10rem;padding-bottom:10rem;background-image:url(&apos;https:\/\/www.val-valen.cl\/musica\/wordpress\/wp-content\/uploads\/2025\/12\/Recurso-3.png&apos;);background-size:cover;\">\n<p class=\"has-text-align-center has-white-color has-text-color has-link-color wp-elements-1591d1a07f3a0991917b096f4a745822\" style=\"margin-bottom:20px;font-style:normal;font-weight:500\"><\/p>\n\n\n\n<h1 class=\"wp-block-heading has-text-align-center has-white-color has-text-color has-link-color has-xx-large-font-size wp-elements-c23f270142449c8e7b4465d811e976bd\" style=\"margin-top:0;margin-bottom:20px;font-style:normal;font-weight:800;line-height:1.2\">LICENCIATURA EN INGL\u00c9S<\/h1>\n\n\n\n<p class=\"has-text-align-center has-white-color has-text-color has-link-color has-large-font-size wp-elements-0afcc3399c9b7a0821dc36cfaf81a65e\" style=\"margin-bottom:var(--wp--preset--spacing--80)\"><\/p>\n<\/div>\n\n\n\n<div class=\"wp-block-group alignfull has-white-background-color has-background is-layout-constrained wp-block-group-is-layout-constrained\" style=\"padding-top:7rem;padding-bottom:7rem\">\n<div class=\"wp-block-columns are-vertically-aligned-center is-layout-flex wp-container-core-columns-is-layout-66fad18a wp-block-columns-is-layout-flex\">\n<div class=\"wp-block-column is-vertically-aligned-center has-medium-font-size is-layout-flow wp-block-column-is-layout-flow\" style=\"flex-basis:50%\">\n<h1 class=\"wp-block-heading has-black-color has-text-color has-link-color wp-elements-f6ea1bd9e03a10aa06d757e733655222\" style=\"margin-bottom:20px;font-size:clamp(24.034px, 1.502rem + ((1vw - 3.2px) * 1.247), 40px);font-style:normal;font-weight:800;line-height:1.2\">Ven a adquirir conocimientos de la lengua inglesa, los que te permitir\u00e1n comprender otras culturas y expandir tu visi\u00f3n cr\u00edtica del mundo, de la lengua y cultura propia.<\/h1>\n\n\n\n<p><\/p>\n\n\n\n<div class=\"wp-block-group is-vertical is-layout-flex wp-container-core-group-is-layout-355c4241 wp-block-group-is-layout-flex\">\n<div class=\"wp-block-group is-nowrap is-layout-flex wp-container-core-group-is-layout-c1740a5a wp-block-group-is-layout-flex\">\n<figure class=\"wp-block-image size-full is-resized\"><img decoding=\"async\" src=\"https:\/\/www.val-valen.cl\/musica\/wordpress\/wp-content\/themes\/blocksy\/inc\/components\/patterns\/assets\/pattern-check-mark.svg\" alt=\"\" class=\"wp-image-7800\" style=\"object-fit:contain;width:22px;height:22px\"\/><\/figure>\n\n\n\n<p class=\"has-black-color has-text-color has-link-color wp-elements-993638ba3d692f8f9b5cb069f03e696e\" style=\"font-size:clamp(14px, 0.875rem + ((1vw - 3.2px) * 0.313), 18px);font-style:normal;font-weight:500\">M\u00e1s de una d\u00e9cada de trayectoria<\/p>\n<\/div>\n\n\n\n<div class=\"wp-block-group is-nowrap is-layout-flex wp-container-core-group-is-layout-c1740a5a wp-block-group-is-layout-flex\">\n<figure class=\"wp-block-image size-full is-resized\"><img decoding=\"async\" src=\"https:\/\/www.val-valen.cl\/musica\/wordpress\/wp-content\/themes\/blocksy\/inc\/components\/patterns\/assets\/pattern-check-mark.svg\" alt=\"\" class=\"wp-image-7800\" style=\"object-fit:contain;width:22px;height:22px\"\/><\/figure>\n\n\n\n<p class=\"has-black-color has-text-color has-link-color wp-elements-fd4ab43905894897dd179247da47b018\" style=\"font-size:clamp(14px, 0.875rem + ((1vw - 3.2px) * 0.313), 18px);font-style:normal;font-weight:500\">Amplia experiencia en formaci\u00f3n profesional<\/p>\n<\/div>\n\n\n\n<div class=\"wp-block-group is-nowrap is-layout-flex wp-container-core-group-is-layout-c1740a5a wp-block-group-is-layout-flex\">\n<figure class=\"wp-block-image size-full is-resized\"><img decoding=\"async\" src=\"https:\/\/www.val-valen.cl\/musica\/wordpress\/wp-content\/themes\/blocksy\/inc\/components\/patterns\/assets\/pattern-check-mark.svg\" alt=\"\" class=\"wp-image-7800\" style=\"object-fit:contain;width:22px;height:22px\"\/><\/figure>\n\n\n\n<p class=\"has-black-color has-text-color has-link-color wp-elements-400b6f3e91f184e9d5d922a2ae576a12\" style=\"font-size:clamp(14px, 0.875rem + ((1vw - 3.2px) * 0.313), 18px);font-style:normal;font-weight:500\">Docentes especializados en el \u00e1rea del ingl\u00e9s<\/p>\n<\/div>\n<\/div>\n<\/div>\n\n\n\n<div class=\"wp-block-column is-vertically-aligned-center is-layout-flow wp-block-column-is-layout-flow\">\n<div class=\"wp-block-columns is-layout-flex wp-container-core-columns-is-layout-2709eace wp-block-columns-is-layout-flex\">\n<div class=\"wp-block-column is-vertically-aligned-stretch is-layout-flow wp-block-column-is-layout-flow\">\n<div class=\"wp-block-cover has-custom-content-position is-position-bottom-center\" style=\"border-radius:20px;padding-top:20px;padding-right:20px;padding-bottom:20px;padding-left:20px;min-height:630px;aspect-ratio:unset;\"><img fetchpriority=\"high\" decoding=\"async\" width=\"969\" height=\"791\" class=\"wp-block-cover__image-background wp-image-1317 size-full\" alt=\"\" src=\"https:\/\/www.val-valen.cl\/musica\/wordpress\/wp-content\/uploads\/2025\/12\/imagen_2025-12-13_222134455.png\" style=\"object-position:43% 35%\" data-object-fit=\"cover\" data-object-position=\"43% 35%\" srcset=\"https:\/\/www.val-valen.cl\/musica\/wordpress\/wp-content\/uploads\/2025\/12\/imagen_2025-12-13_222134455.png 969w, https:\/\/www.val-valen.cl\/musica\/wordpress\/wp-content\/uploads\/2025\/12\/imagen_2025-12-13_222134455-300x245.png 300w, https:\/\/www.val-valen.cl\/musica\/wordpress\/wp-content\/uploads\/2025\/12\/imagen_2025-12-13_222134455-768x627.png 768w\" sizes=\"(max-width: 969px) 100vw, 969px\" \/><span aria-hidden=\"true\" class=\"wp-block-cover__background has-background-dim-0 has-background-dim\" style=\"background-color:#817669\"><\/span><div class=\"wp-block-cover__inner-container is-layout-flow wp-block-cover-is-layout-flow\">\n<p><\/p>\n<\/div><\/div>\n<\/div>\n\n\n\n<div class=\"wp-block-column is-layout-flow wp-block-column-is-layout-flow\">\n<div class=\"wp-block-cover is-light has-custom-content-position is-position-bottom-center\" style=\"border-radius:20px;margin-bottom:30px;padding-top:20px;padding-right:20px;padding-bottom:20px;padding-left:20px;min-height:300px;aspect-ratio:unset;\"><img decoding=\"async\" width=\"1024\" height=\"514\" class=\"wp-block-cover__image-background wp-image-1128 size-large\" alt=\"\" src=\"https:\/\/www.val-valen.cl\/musica\/wordpress\/wp-content\/uploads\/2025\/12\/Recurso-2-1-1024x514.png\" style=\"object-position:36% 61%\" data-object-fit=\"cover\" data-object-position=\"36% 61%\" srcset=\"https:\/\/www.val-valen.cl\/musica\/wordpress\/wp-content\/uploads\/2025\/12\/Recurso-2-1-1024x514.png 1024w, https:\/\/www.val-valen.cl\/musica\/wordpress\/wp-content\/uploads\/2025\/12\/Recurso-2-1-300x151.png 300w, https:\/\/www.val-valen.cl\/musica\/wordpress\/wp-content\/uploads\/2025\/12\/Recurso-2-1-768x385.png 768w, https:\/\/www.val-valen.cl\/musica\/wordpress\/wp-content\/uploads\/2025\/12\/Recurso-2-1.png 1367w\" sizes=\"(max-width: 1024px) 100vw, 1024px\" \/><span aria-hidden=\"true\" class=\"wp-block-cover__background has-background-dim-0 has-background-dim\" style=\"background-color:#87827a\"><\/span><div class=\"wp-block-cover__inner-container is-layout-flow wp-block-cover-is-layout-flow\">\n<p class=\"has-text-align-center has-large-font-size\"><\/p>\n<\/div><\/div>\n\n\n\n<div class=\"wp-block-cover has-custom-content-position is-position-bottom-center\" style=\"border-radius:20px;padding-top:20px;padding-right:20px;padding-bottom:20px;padding-left:20px;min-height:300px;aspect-ratio:unset;\"><img decoding=\"async\" width=\"605\" height=\"582\" class=\"wp-block-cover__image-background wp-image-1320 size-full\" alt=\"\" src=\"https:\/\/www.val-valen.cl\/musica\/wordpress\/wp-content\/uploads\/2025\/12\/imagen_2025-12-13_222728612.png\" data-object-fit=\"cover\" srcset=\"https:\/\/www.val-valen.cl\/musica\/wordpress\/wp-content\/uploads\/2025\/12\/imagen_2025-12-13_222728612.png 605w, https:\/\/www.val-valen.cl\/musica\/wordpress\/wp-content\/uploads\/2025\/12\/imagen_2025-12-13_222728612-300x289.png 300w\" sizes=\"(max-width: 605px) 100vw, 605px\" \/><span aria-hidden=\"true\" class=\"wp-block-cover__background has-background-dim-0 has-background-dim\" style=\"background-color:#7e7a77\"><\/span><div class=\"wp-block-cover__inner-container is-layout-flow wp-block-cover-is-layout-flow\">\n<p><\/p>\n<\/div><\/div>\n<\/div>\n<\/div>\n<\/div>\n<\/div>\n<\/div>\n\n\n\n<div class=\"wp-block-group alignfull has-background is-layout-constrained wp-block-group-is-layout-constrained\" style=\"background-color:#5f8bcc;padding-top:10rem;padding-bottom:10rem\">\n<p><\/p>\n\n\n\n<h1 class=\"wp-block-heading has-text-align-center has-palette-color-8-color has-text-color has-link-color has-xx-large-font-size wp-elements-876cb80c19b995aa9fa697a09ad7389c\" style=\"margin-top:0;font-style:normal;font-weight:800;line-height:1.2\">\u00bfQue puntaje debo tener?<\/h1>\n\n\n\n<p class=\"has-text-align-center has-black-color has-text-color has-link-color wp-elements-b94e07b66e3f7010869548d51e620776\" style=\"margin-bottom:var(--wp--preset--spacing--80)\"><\/p>\n\n\n\n<div class=\"wp-block-columns are-vertically-aligned-center has-background is-layout-flex wp-container-core-columns-is-layout-635768e5 wp-block-columns-is-layout-flex\" style=\"border-style:none;border-width:0px;border-top-left-radius:15px;border-top-right-radius:15px;border-bottom-left-radius:15px;border-bottom-right-radius:15px;background-color:#303880;padding-top:21px;padding-right:244px;padding-bottom:21px;padding-left:244px\">\n<div class=\"wp-block-column is-vertically-aligned-center is-layout-flow wp-block-column-is-layout-flow\">\n<p class=\"has-text-align-center has-white-color has-text-color has-link-color wp-elements-feb946c37898b4bdf0c2a243f86d3db5\" style=\"margin-bottom:30px;font-size:clamp(44.551px, 2.784rem + ((1vw - 3.2px) * 3.238), 86px);font-style:normal;font-weight:800;line-height:1\">458<\/p>\n\n\n\n<p class=\"has-text-align-center has-palette-color-8-color has-text-color has-link-color has-large-font-size wp-elements-16f15933dda2d022081e1762b7c852e1\"><strong>PAES MINIMO<\/strong><\/p>\n<\/div>\n\n\n\n<div class=\"wp-block-column is-vertically-aligned-center is-layout-flow wp-block-column-is-layout-flow\">\n<p class=\"has-text-align-center has-white-color has-text-color has-link-color wp-elements-feb946c37898b4bdf0c2a243f86d3db5\" style=\"margin-bottom:30px;font-size:clamp(44.551px, 2.784rem + ((1vw - 3.2px) * 3.238), 86px);font-style:normal;font-weight:800;line-height:1\">458<\/p>\n\n\n\n<p class=\"has-text-align-center has-palette-color-8-color has-text-color has-link-color has-large-font-size wp-elements-aabed64dbf9ccd704c682b7797d1d444\">PONDERADO MINIMO<\/p>\n<\/div>\n<\/div>\n<\/div>\n\n\n\n<div class=\"wp-block-group alignfull has-background is-layout-constrained wp-block-group-is-layout-constrained\" style=\"background-color:#22213f;margin-top:var(--wp--preset--spacing--70);margin-bottom:var(--wp--preset--spacing--70);padding-top:10rem;padding-bottom:10rem\">\n<div class=\"wp-block-group alignfull is-layout-constrained wp-block-group-is-layout-constrained\" style=\"margin-top:-450px;margin-bottom:-450px;padding-top:7rem;padding-bottom:7rem\">\n<div class=\"wp-block-columns is-layout-flex wp-container-core-columns-is-layout-2709eace wp-block-columns-is-layout-flex\">\n<div class=\"wp-block-column has-border-color has-background is-layout-flow wp-block-column-is-layout-flow\" style=\"border-color:#0000001f;border-style:solid;border-width:2px;border-top-left-radius:15px;border-top-right-radius:15px;border-bottom-left-radius:15px;border-bottom-right-radius:15px;background-color:#303880;padding-top:30px;padding-right:30px;padding-bottom:30px;padding-left:30px\">\n<h2 class=\"wp-block-heading has-text-align-center has-palette-color-8-color has-text-color has-link-color wp-elements-1ec97f798f56eb337a17eab1117a4a60\" style=\"margin-top:0px;font-size:clamp(14.642px, 0.915rem + ((1vw - 3.2px) * 0.575), 22px);\">NEM<\/h2>\n\n\n\n<p class=\"has-text-align-center has-palette-color-8-color has-text-color has-link-color wp-elements-f2f0eef7cdd51969c4ba87811049d81d\" style=\"margin-top:var(--wp--preset--spacing--70);margin-bottom:30px;font-size:clamp(36.08px, 2.255rem + ((1vw - 3.2px) * 2.338), 66px);\">10%<\/p>\n<\/div>\n\n\n\n<div class=\"wp-block-column has-border-color has-background is-layout-flow wp-block-column-is-layout-flow\" style=\"border-color:#0000001f;border-style:solid;border-width:2px;border-top-left-radius:15px;border-top-right-radius:15px;border-bottom-left-radius:15px;border-bottom-right-radius:15px;background-color:#303880;padding-top:30px;padding-right:24px;padding-bottom:30px;padding-left:24px\">\n<h2 class=\"wp-block-heading has-text-align-center has-palette-color-8-color has-text-color has-link-color wp-elements-e517eaf3d84e7c20816e20116e637b0b\" style=\"margin-top:0px;margin-right:0;margin-left:0;font-size:clamp(14.642px, 0.915rem + ((1vw - 3.2px) * 0.575), 22px);\">RANKING<\/h2>\n\n\n\n<p class=\"has-text-align-center has-palette-color-8-color has-text-color has-link-color wp-elements-78038272daa3a6e7f8adcd73821eab3b\" style=\"margin-top:var(--wp--preset--spacing--70);margin-bottom:0px;font-size:clamp(36.08px, 2.255rem + ((1vw - 3.2px) * 2.338), 66px);\">40%<\/p>\n<\/div>\n\n\n\n<div class=\"wp-block-column has-border-color has-background is-layout-flow wp-block-column-is-layout-flow\" style=\"border-color:#0000001f;border-style:solid;border-width:2px;border-top-left-radius:15px;border-top-right-radius:15px;border-bottom-left-radius:15px;border-bottom-right-radius:15px;background-color:#303880;padding-top:30px;padding-right:24px;padding-bottom:30px;padding-left:24px\">\n<h2 class=\"wp-block-heading has-text-align-center has-palette-color-8-color has-text-color has-link-color wp-elements-8ecc1c6719ad091e585347d81d4c4754\" style=\"margin-top:0px;font-size:clamp(14.642px, 0.915rem + ((1vw - 3.2px) * 0.575), 22px);\">LENGUAJE<\/h2>\n\n\n\n<p class=\"has-text-align-center has-palette-color-8-color has-text-color has-link-color wp-elements-43356dd774a78ce07248fc863b6e46e7\" style=\"margin-top:var(--wp--preset--spacing--70);margin-bottom:30px;font-size:clamp(36.08px, 2.255rem + ((1vw - 3.2px) * 2.338), 66px);\">25%<\/p>\n<\/div>\n\n\n\n<div class=\"wp-block-column has-border-color has-background is-layout-flow wp-block-column-is-layout-flow\" style=\"border-color:#0000001f;border-style:solid;border-width:2px;border-top-left-radius:15px;border-top-right-radius:15px;border-bottom-left-radius:15px;border-bottom-right-radius:15px;background-color:#303880;padding-top:30px;padding-right:24px;padding-bottom:30px;padding-left:24px\">\n<h2 class=\"wp-block-heading has-text-align-center has-palette-color-8-color has-text-color has-link-color wp-elements-be352b2daac10b1c8cee2334167104b5\" style=\"margin-top:0px;font-size:clamp(14.642px, 0.915rem + ((1vw - 3.2px) * 0.575), 22px);\">MATEM\u00c1TICAS<\/h2>\n\n\n\n<p class=\"has-text-align-center has-palette-color-8-color has-text-color has-link-color wp-elements-98ab70aa86a331a6b72b74b72845e8ad\" style=\"margin-top:var(--wp--preset--spacing--70);margin-bottom:0px;font-size:clamp(36.08px, 2.255rem + ((1vw - 3.2px) * 2.338), 66px);\">15%<\/p>\n<\/div>\n\n\n\n<div class=\"wp-block-column has-background is-layout-flow wp-block-column-is-layout-flow\" style=\"border-width:2px;border-top-left-radius:15px;border-top-right-radius:15px;border-bottom-left-radius:15px;border-bottom-right-radius:15px;background-color:#303880;flex-basis:230px\">\n<h2 class=\"wp-block-heading has-text-align-center has-palette-color-8-color has-text-color has-link-color wp-elements-830115ffebfebc8cc40253638e6fc6be\" style=\"border-style:none;border-width:0px;border-top-left-radius:0px;border-top-right-radius:0px;border-bottom-left-radius:0px;border-bottom-right-radius:0px;padding-top:var(--wp--preset--spacing--50);padding-right:var(--wp--preset--spacing--60);padding-bottom:var(--wp--preset--spacing--20);padding-left:var(--wp--preset--spacing--60);font-size:clamp(14.642px, 0.915rem + ((1vw - 3.2px) * 0.575), 22px);\">CIENCIAS O HISTORIA<\/h2>\n\n\n\n<p class=\"has-text-align-center has-palette-color-8-color has-text-color has-link-color wp-elements-c07d9e2c4123013da139bd12f89841f5\" style=\"padding-top:0px;padding-right:30px;padding-bottom:0px;padding-left:30px;font-size:clamp(36.08px, 2.255rem + ((1vw - 3.2px) * 2.338), 66px);\">10%<\/p>\n<\/div>\n<\/div>\n<\/div>\n<\/div>\n\n\n\n<div class=\"wp-block-group alignfull has-background is-layout-constrained wp-block-group-is-layout-constrained\" style=\"background-color:#22213f;margin-top:-65px;margin-bottom:-65px;padding-top:7rem;padding-bottom:7rem\">\n<h1 class=\"wp-block-heading has-text-align-center has-white-color has-text-color has-link-color has-xx-large-font-size wp-elements-1a0ca093283a10062ca293295ffc4cb1\" style=\"margin-top:0;margin-bottom:20px;font-style:normal;font-weight:800;line-height:1.2\">PLAN DE ESTUDIOS<\/h1>\n\n\n\n<p class=\"has-text-align-center has-white-color has-text-color has-link-color wp-elements-26e6dae513bdd3b41af297b55d9be108\" style=\"margin-bottom:var(--wp--preset--spacing--80)\"><\/p>\n\n\n\n<div class=\"wp-block-columns is-layout-flex wp-container-core-columns-is-layout-28f84493 wp-block-columns-is-layout-flex\">\n<div class=\"wp-block-column is-layout-flow wp-block-column-is-layout-flow\" style=\"flex-basis:100%\">\n<figure class=\"wp-block-image aligncenter size-full is-resized is-style-default\" style=\"margin-top:0;margin-right:0;margin-bottom:0;margin-left:0\"><img loading=\"lazy\" decoding=\"async\" width=\"2560\" height=\"828\" src=\"https:\/\/www.val-valen.cl\/musica\/wordpress\/wp-content\/uploads\/2025\/12\/Recurso-2-2-scaled.png\" alt=\"\" class=\"wp-image-1363\" style=\"aspect-ratio:2.7380405264257366;width:1290px;height:auto\" srcset=\"https:\/\/www.val-valen.cl\/musica\/wordpress\/wp-content\/uploads\/2025\/12\/Recurso-2-2-scaled.png 2560w, https:\/\/www.val-valen.cl\/musica\/wordpress\/wp-content\/uploads\/2025\/12\/Recurso-2-2-300x97.png 300w, https:\/\/www.val-valen.cl\/musica\/wordpress\/wp-content\/uploads\/2025\/12\/Recurso-2-2-1024x331.png 1024w, https:\/\/www.val-valen.cl\/musica\/wordpress\/wp-content\/uploads\/2025\/12\/Recurso-2-2-768x248.png 768w, https:\/\/www.val-valen.cl\/musica\/wordpress\/wp-content\/uploads\/2025\/12\/Recurso-2-2-1536x497.png 1536w, https:\/\/www.val-valen.cl\/musica\/wordpress\/wp-content\/uploads\/2025\/12\/Recurso-2-2-2048x662.png 2048w\" sizes=\"(max-width: 2560px) 100vw, 2560px\" \/><\/figure>\n<\/div>\n<\/div>\n<\/div>\n\n\n\n<div class=\"wp-block-group alignfull has-background is-layout-constrained wp-block-group-is-layout-constrained\" style=\"background-color:#22213f;padding-top:7rem;padding-bottom:7rem\">\n<div class=\"wp-block-columns are-vertically-aligned-center is-layout-flex wp-container-core-columns-is-layout-057bf1b1 wp-block-columns-is-layout-flex\">\n<div class=\"wp-block-column is-vertically-aligned-center is-layout-flow wp-block-column-is-layout-flow\" style=\"flex-basis:60%\">\n<h2 class=\"wp-block-heading has-palette-color-8-color has-text-color has-link-color has-x-large-font-size wp-elements-e9120077c9c86f99c93c8daaccfc64a6\" style=\"border-top-color:#0000001f;border-top-style:solid;border-top-width:1px;border-bottom-color:#0000001f;border-bottom-style:solid;border-bottom-width:1px;margin-top:0px;margin-bottom:0px;padding-top:0px;padding-bottom:0px\"><em>PERFIL\u00a0<strong>DE EGRES<\/strong><\/em>O<\/h2>\n\n\n\n<p class=\"has-palette-color-8-color has-text-color has-link-color wp-elements-f1fd5fb0dbf66274ac7dcae33c2b6360\">El egresado de Licenciatura en Ingl\u00e9s domina el uso oral y escrito del idioma como lengua extranjera, comprendiendo su estructura, variaci\u00f3n ling\u00fc\u00edstica y aportes culturales, especialmente desde la literatura. Posee conocimientos sobre los procesos de ense\u00f1anza-aprendizaje del ingl\u00e9s y aplica m\u00e9todos de investigaci\u00f3n propios de su especialidad. Act\u00faa con \u00e9tica, pensamiento cr\u00edtico y reflexivo, demostrando autonom\u00eda, responsabilidad y capacidad para el trabajo colaborativo en contextos disciplinarios e interdisciplinarios.<\/p>\n\n\n\n<hr class=\"wp-block-separator has-text-color has-alpha-channel-opacity has-background is-style-wide\" style=\"background-color:#c9631f;color:#c9631f\"\/>\n\n\n\n<p class=\"has-palette-color-8-color has-text-color has-link-color has-x-large-font-size wp-elements-c105c65c1b9e918a34cccdf33c0e6cfa\"><em><strong>CAMPO LABORAL<\/strong><\/em><\/p>\n\n\n\n<p class=\"has-palette-color-8-color has-text-color has-link-color wp-elements-b5fa49f60286e60c64959a63364d822b\" style=\"margin-top:-75px;margin-bottom:-75px\"><em>Como profesional puede ejercer como especialista en entidades p\u00fablicas y privadas nacionales e internacionales que requieran este tipo de profesionales. Como consultor en entidades p\u00fablicas y privadas nacionales e internacionales que requieran un profesional con un s\u00f3lido dominio del idioma ingl\u00e9s oral y escrito. Como docente en Instituciones de educaci\u00f3n superior y\/o como especialista en el ejercicio libre de la profesi\u00f3n.<\/em><\/p>\n<\/div>\n\n\n\n<div class=\"wp-block-column is-vertically-aligned-center is-layout-flow wp-block-column-is-layout-flow\">\n<figure class=\"wp-block-image alignwide size-full has-custom-border is-style-default\"><img loading=\"lazy\" decoding=\"async\" width=\"503\" height=\"798\" src=\"https:\/\/www.val-valen.cl\/musica\/wordpress\/wp-content\/uploads\/2025\/12\/Recurso-6.png\" alt=\"\" class=\"wp-image-1124\" style=\"border-style:none;border-width:0px;border-radius:20px\" srcset=\"https:\/\/www.val-valen.cl\/musica\/wordpress\/wp-content\/uploads\/2025\/12\/Recurso-6.png 503w, https:\/\/www.val-valen.cl\/musica\/wordpress\/wp-content\/uploads\/2025\/12\/Recurso-6-189x300.png 189w\" sizes=\"(max-width: 503px) 100vw, 503px\" \/><\/figure>\n<\/div>\n<\/div>\n<\/div>\n","protected":false},"excerpt":{"rendered":"<p>LICENCIATURA EN INGL\u00c9S Ven a adquirir conocimientos de la lengua inglesa, los que te permitir\u00e1n comprender otras culturas y expandir tu visi\u00f3n cr\u00edtica del mundo, de la lengua y cultura propia. M\u00e1s de una d\u00e9cada de trayectoria Amplia experiencia en formaci\u00f3n profesional Docentes especializados en el \u00e1rea del ingl\u00e9s \u00bfQue puntaje debo tener? 458 PAES [&hellip;]<\/p>\n","protected":false},"author":1,"featured_media":0,"parent":0,"menu_order":0,"comment_status":"closed","ping_status":"closed","template":"full-width","meta":{"footnotes":""},"class_list":["post-174","page","type-page","status-publish","hentry"],"blocksy_meta":[],"_links":{"self":[{"href":"https:\/\/www.val-valen.cl\/musica\/wordpress\/wp-json\/wp\/v2\/pages\/174","targetHints":{"allow":["GET"]}}],"collection":[{"href":"https:\/\/www.val-valen.cl\/musica\/wordpress\/wp-json\/wp\/v2\/pages"}],"about":[{"href":"https:\/\/www.val-valen.cl\/musica\/wordpress\/wp-json\/wp\/v2\/types\/page"}],"author":[{"embeddable":true,"href":"https:\/\/www.val-valen.cl\/musica\/wordpress\/wp-json\/wp\/v2\/users\/1"}],"replies":[{"embeddable":true,"href":"https:\/\/www.val-valen.cl\/musica\/wordpress\/wp-json\/wp\/v2\/comments?post=174"}],"version-history":[{"count":37,"href":"https:\/\/www.val-valen.cl\/musica\/wordpress\/wp-json\/wp\/v2\/pages\/174\/revisions"}],"predecessor-version":[{"id":1369,"href":"https:\/\/www.val-valen.cl\/musica\/wordpress\/wp-json\/wp\/v2\/pages\/174\/revisions\/1369"}],"wp:attachment":[{"href":"https:\/\/www.val-valen.cl\/musica\/wordpress\/wp-json\/wp\/v2\/media?parent=174"}],"curies":[{"name":"wp","href":"https:\/\/api.w.org\/{rel}","templated":true}]}}