{"id":84,"date":"2022-01-11T13:38:14","date_gmt":"2022-01-11T13:38:14","guid":{"rendered":"https:\/\/www.val-valen.cl\/musica\/wordpress\/front_page\/"},"modified":"2026-02-06T21:23:44","modified_gmt":"2026-02-07T00:23:44","slug":"front_page","status":"publish","type":"page","link":"https:\/\/www.val-valen.cl\/musica\/wordpress\/","title":{"rendered":"Bienvenidos DIEX UTA"},"content":{"rendered":"\n<div class=\"wp-block-group alignfull is-layout-constrained wp-block-group-is-layout-constrained has-background\" style=\"min-height:318px;margin-top:0;margin-bottom:0;padding-top:7.1rem;padding-bottom:7.1rem;background-image:url(&apos;https:\/\/www.val-valen.cl\/musica\/wordpress\/wp-content\/uploads\/2025\/12\/Recurso-5.png&apos;);background-size:cover;\">\n<div style=\"height:302px\" aria-hidden=\"true\" class=\"wp-block-spacer\"><\/div>\n\n\n\n<h1 class=\"wp-block-heading has-text-align-center has-white-color has-text-color has-link-color wp-elements-8f958cdfc4aa419cec78cf3edd5a8706\" style=\"margin-top:0;margin-bottom:20px;font-size:clamp(41.23px, 2.577rem + ((1vw - 3.2px) * 2.873), 78px);font-style:normal;font-weight:700;line-height:0.9\">BIENVENIDOS AL DEPARTAMENTO DE IDIOMAS EXTRANJEROS<\/h1>\n\n\n\n<div style=\"height:100px\" aria-hidden=\"true\" class=\"wp-block-spacer\"><\/div>\n<\/div>\n\n\n\n<div class=\"wp-block-columns is-layout-flex wp-container-core-columns-is-layout-28f84493 wp-block-columns-is-layout-flex\">\n<div class=\"wp-block-column is-layout-flow wp-block-column-is-layout-flow\">\n<div class=\"wp-block-group alignfull has-background is-layout-constrained wp-container-core-group-is-layout-829777e7 wp-block-group-is-layout-constrained\" style=\"border-top-left-radius:0px;border-top-right-radius:0px;border-bottom-left-radius:0px;border-bottom-right-radius:0px;background-color:#c9631f;padding-top:0rem;padding-right:0;padding-bottom:0rem;padding-left:0\">\n<div style=\"height:100px\" aria-hidden=\"true\" class=\"wp-block-spacer\"><\/div>\n\n\n\n<h1 class=\"wp-block-heading has-text-align-center has-white-color has-text-color has-link-color has-x-large-font-size wp-elements-4fdead9ffaaae9280ae788d0f458978b\" style=\"margin-top:var(--wp--preset--spacing--80);margin-right:0;margin-bottom:5.06rem;font-style:normal;font-weight:800;line-height:1.2\">Un espacio donde el aprendizaje del ingl\u00e9s impulsa la comunicaci\u00f3n, la diversidad cultural y el crecimiento acad\u00e9mico.<\/h1>\n<\/div>\n\n\n\n<div style=\"height:100px\" aria-hidden=\"true\" class=\"wp-block-spacer\"><\/div>\n<\/div>\n<\/div>\n\n\n\n<div class=\"wp-block-group alignfull has-background has-small-font-size is-layout-constrained wp-block-group-is-layout-constrained\" style=\"background-color:#5f8bcc\">\n<p><\/p>\n<\/div>\n\n\n\n<div class=\"wp-block-group alignfull has-white-background-color has-background has-small-font-size is-layout-constrained wp-container-core-group-is-layout-48ff7a1d wp-block-group-is-layout-constrained\" style=\"min-height:636px;margin-top:-20px;margin-bottom:-20px;padding-top:10rem;padding-right:0rem;padding-bottom:10rem;padding-left:0rem;background-image:url(&apos;https:\/\/www.val-valen.cl\/musica\/wordpress\/wp-content\/uploads\/2025\/12\/Recurso-2.png&apos;);background-size:cover;\">\n<p class=\"has-text-align-center has-white-color has-text-color has-link-color wp-elements-6e3de78fd07b82f0abff8774b4b1230d\" style=\"margin-top:var(--wp--preset--spacing--80);margin-bottom:var(--wp--preset--spacing--80);font-size:clamp(46.18px, 2.886rem + ((1vw - 3.2px) * 3.423), 90px);\"><strong>NUESTRAS CARRERAS<\/strong><\/p>\n<\/div>\n\n\n\n<div class=\"wp-block-group alignfull has-white-background-color has-background is-layout-constrained wp-container-core-group-is-layout-71c58243 wp-block-group-is-layout-constrained\" style=\"padding-top:7rem;padding-bottom:7rem\">\n<h1 class=\"wp-block-heading has-text-align-center has-black-color has-text-color has-link-color has-xx-large-font-size wp-elements-573e85893cd1500f00242091f5a8c988\" style=\"margin-top:0;margin-bottom:var(--wp--preset--spacing--50);font-style:normal;font-weight:800;line-height:1.2\">Explora nuestras carreras<\/h1>\n\n\n\n<p class=\"has-text-align-center has-black-color has-text-color has-link-color wp-elements-29af8dd3301df4a625cc986c04f893d5\" style=\"margin-bottom:var(--wp--preset--spacing--80);font-size:clamp(14px, 0.875rem + ((1vw - 3.2px) * 0.313), 18px);\">Te invitamos a explorar nuestras carreras y descubrir las oportunidades acad\u00e9micas y profesionales que ofrece el estudio del idioma ingl\u00e9s. Encuentra una formaci\u00f3n acorde a tus intereses y proyecci\u00f3n futura.<\/p>\n\n\n\n<div class=\"wp-block-columns is-layout-flex wp-container-core-columns-is-layout-643ced6b wp-block-columns-is-layout-flex\">\n<div class=\"wp-block-column has-border-color has-palette-color-8-color has-text-color has-background has-link-color wp-elements-a9d84ebaee1eb7a4b9e76b34fcbafb8c is-layout-flow wp-container-core-column-is-layout-96095041 wp-block-column-is-layout-flow\" style=\"border-color:#0000001f;border-style:solid;border-width:1px;border-radius:20px;background-color:#678fca;padding-top:var(--wp--preset--spacing--70);padding-right:var(--wp--preset--spacing--70);padding-bottom:var(--wp--preset--spacing--70);padding-left:var(--wp--preset--spacing--70)\">\n<h2 class=\"wp-block-heading has-text-align-center has-palette-color-8-color has-text-color has-link-color wp-elements-3094dc01802df73364bd4e53b3341c83\" style=\"margin-bottom:20px;font-size:clamp(24.034px, 1.502rem + ((1vw - 3.2px) * 1.247), 40px);\">LICENCIATURA EN INGL\u00c9S<\/h2>\n\n\n\n<p class=\"has-text-align-center has-palette-color-6-color has-text-color has-link-color wp-elements-7c6334130b66898239fd48eb9cefe026\" style=\"border-bottom-color:#0000001f;border-bottom-style:solid;border-bottom-width:1px;margin-bottom:50px;padding-bottom:50px;font-size:clamp(16.834px, 1.052rem + ((1vw - 3.2px) * 0.716), 26px);\"><strong>\u00bfTe apasiona el idioma ingl\u00e9s y la comunicaci\u00f3n intercultural?<\/strong><\/p>\n\n\n\n<p class=\"has-text-align-center has-palette-color-6-color has-text-color has-link-color wp-elements-3675d6a34240e325a793641262413c37\" style=\"border-bottom-color:#0000001f;border-bottom-style:solid;border-bottom-width:1px;margin-bottom:50px;padding-bottom:50px;font-size:clamp(14px, 0.875rem + ((1vw - 3.2px) * 0.469), 20px);\"><strong>Licenciatura en Ingl\u00e9s<\/strong> te invita a formarte en el estudio del idioma desde una perspectiva ling\u00fc\u00edstica, cultural y acad\u00e9mica s\u00f3lida.<br>A lo largo de la carrera desarrollar\u00e1s competencias comunicativas, anal\u00edticas y culturales que te permitir\u00e1n desenvolverte en contextos acad\u00e9micos, profesionales y multiculturales diversos.<\/p>\n\n\n\n<p class=\"has-palette-color-8-color has-text-color has-link-color wp-elements-ec742c17808375dc466aac74a06b3d94\" style=\"font-size:clamp(16.834px, 1.052rem + ((1vw - 3.2px) * 0.716), 26px);\"><strong>\u00bfQu\u00e9 encontrar\u00e1s en esta carrera?<\/strong><\/p>\n\n\n\n<ul style=\"margin-bottom:50px\" class=\"wp-block-list has-black-color has-text-color has-link-color wp-elements-9442b533257f8d526db0962b65604ec0\">\n<li class=\"has-palette-color-6-color has-text-color has-link-color has-medium-font-size wp-elements-40cf24df0ac57e0ec2f5a8ae0d49d239\">Formaci\u00f3n s\u00f3lida en lengua y cultura inglesa en diversos contextos<\/li>\n\n\n\n<li class=\"has-palette-color-6-color has-text-color has-link-color wp-elements-5038f03e0d3b6c11cc2dc04d9787a4fc\" style=\"font-size:clamp(14px, 0.875rem + ((1vw - 3.2px) * 0.469), 20px);\">Proyecci\u00f3n acad\u00e9mica y profesional en distintos \u00e1mbitos<\/li>\n\n\n\n<li class=\"has-palette-color-6-color has-text-color has-link-color wp-elements-c11e18c7a989e5e91443b99c4cbbf57f\" style=\"font-size:clamp(14px, 0.875rem + ((1vw - 3.2px) * 0.469), 20px);\">Formaci\u00f3n s\u00f3lida en lengua y cultura inglesa<\/li>\n\n\n\n<li class=\"has-palette-color-6-color has-text-color has-link-color wp-elements-dbaad92ddbd897272c74864aeb839603\" style=\"font-size:clamp(14px, 0.875rem + ((1vw - 3.2px) * 0.469), 20px);\">Desarrollo de competencias comunicativas avanzadas<\/li>\n<\/ul>\n\n\n\n<div class=\"wp-block-buttons is-layout-flex wp-block-buttons-is-layout-flex\" style=\"margin-bottom:40px\">\n<div class=\"wp-block-button has-custom-width wp-block-button__width-100 is-style-outline is-style-outline--2\"><a class=\"wp-block-button__link has-background has-custom-font-size wp-element-button\" href=\"https:\/\/www.val-valen.cl\/musica\/wordpress\/contact\/\" style=\"border-radius:8px;background-color:#303880;padding-top:15px;padding-bottom:15px;font-size:clamp(14px, 0.875rem + ((1vw - 3.2px) * 0.313), 18px);font-style:normal;font-weight:600\">SABER M\u00c1S<\/a><\/div>\n<\/div>\n<\/div>\n\n\n\n<div class=\"wp-block-column has-border-color has-background is-layout-flow wp-container-core-column-is-layout-96095041 wp-block-column-is-layout-flow\" style=\"border-color:#0000001f;border-style:solid;border-width:1px;border-radius:20px;background-color:#678fca;padding-top:var(--wp--preset--spacing--70);padding-right:var(--wp--preset--spacing--70);padding-bottom:var(--wp--preset--spacing--70);padding-left:var(--wp--preset--spacing--70)\">\n<h4 class=\"wp-block-heading has-text-align-center has-white-color has-text-color has-link-color wp-elements-b86eec0e95443213c019a6a419e17f99\" style=\"margin-bottom:20px;font-size:clamp(24.034px, 1.502rem + ((1vw - 3.2px) * 1.247), 40px);\">PEDAGOG\u00cdA EN INGL\u00c9S<\/h4>\n\n\n\n<p class=\"has-text-align-center has-palette-color-6-color has-text-color has-link-color wp-elements-15dbb1a0ce70d87bf4a81d271b935f2d\" style=\"border-bottom-color:#0000001f;border-bottom-style:solid;border-bottom-width:1px;margin-bottom:50px;padding-bottom:50px;font-size:clamp(16.834px, 1.052rem + ((1vw - 3.2px) * 0.716), 26px);\"><strong>\u00bfTe interesa ense\u00f1ar ingl\u00e9s y aportar a la formaci\u00f3n de nuevas generaciones?<\/strong><\/p>\n\n\n\n<p class=\"has-text-align-center has-palette-color-6-color has-text-color has-link-color wp-elements-8493db75d208264233c2fda88135207d\" style=\"border-bottom-color:#0000001f;border-bottom-style:solid;border-bottom-width:1px;margin-bottom:50px;padding-bottom:50px;font-size:clamp(14px, 0.875rem + ((1vw - 3.2px) * 0.469), 20px);\"><strong><strong>Pedagog\u00eda en Ingl\u00e9<\/strong>s<\/strong> te invita a formarte como docente con un s\u00f3lido dominio del idioma y una preparaci\u00f3n pedag\u00f3gica integral.<br>A lo largo de la carrera desarrollar\u00e1s competencias ling\u00fc\u00edsticas, did\u00e1cticas y educativas que te permitir\u00e1n ense\u00f1ar ingl\u00e9s de manera efectiva, inclusiva y contextualizada en diversos entornos escolares.<\/p>\n\n\n\n<p class=\"has-palette-color-8-color has-text-color has-link-color wp-elements-ec742c17808375dc466aac74a06b3d94\" style=\"font-size:clamp(16.834px, 1.052rem + ((1vw - 3.2px) * 0.716), 26px);\"><strong>\u00bfQu\u00e9 encontrar\u00e1s en esta carrera?<\/strong><\/p>\n\n\n\n<ul style=\"margin-bottom:50px\" class=\"wp-block-list has-black-color has-text-color has-link-color wp-elements-a139356c1a43bb3838c36a0375879946\">\n<li class=\"has-white-color has-text-color has-link-color wp-elements-cfd80d374949578bc85455bfe4529721\" style=\"font-size:clamp(14px, 0.875rem + ((1vw - 3.2px) * 0.469), 20px);\">Formaci\u00f3n s\u00f3lida en lengua inglesa<\/li>\n\n\n\n<li class=\"has-palette-color-8-color has-text-color has-link-color has-medium-font-size wp-elements-cf5432af09e5a39459e7d7307fae7bb7\">Proyecci\u00f3n profesional en contextos educativos diversos<\/li>\n\n\n\n<li class=\"has-white-color has-text-color has-link-color wp-elements-2e91c2341c1e757aef4245e7a591530b\" style=\"font-size:clamp(14px, 0.875rem + ((1vw - 3.2px) * 0.469), 20px);\">Desarrollo de competencias pedag\u00f3gicas y did\u00e1cticas<\/li>\n\n\n\n<li class=\"has-white-color has-text-color has-link-color wp-elements-3001a0d839d9fe7f0ac16e25f85b6af2\" style=\"font-size:clamp(14px, 0.875rem + ((1vw - 3.2px) * 0.469), 20px);\">Preparaci\u00f3n para el ejercicio docente en distintos contextos educativos<\/li>\n<\/ul>\n\n\n\n<div class=\"wp-block-buttons is-layout-flex wp-block-buttons-is-layout-flex\" style=\"margin-bottom:40px\">\n<div class=\"wp-block-button has-custom-width wp-block-button__width-100 is-style-outline is-style-outline--3\"><a class=\"wp-block-button__link has-background has-custom-font-size wp-element-button\" href=\"https:\/\/www.val-valen.cl\/musica\/wordpress\/sample-page\/\" style=\"border-radius:8px;background-color:#303880;padding-top:15px;padding-bottom:15px;font-size:clamp(14px, 0.875rem + ((1vw - 3.2px) * 0.313), 18px);font-style:normal;font-weight:600\">SABER M\u00c1S<\/a><\/div>\n<\/div>\n<\/div>\n<\/div>\n<\/div>\n\n\n\n<div class=\"wp-block-group alignfull has-white-background-color has-background is-layout-constrained wp-block-group-is-layout-constrained\" style=\"margin-top:-25px;margin-bottom:-25px;padding-top:7rem;padding-bottom:7rem\">\n<div class=\"wp-block-columns are-vertically-aligned-center is-layout-flex wp-container-core-columns-is-layout-66fad18a wp-block-columns-is-layout-flex\">\n<div class=\"wp-block-column is-vertically-aligned-center is-layout-flow wp-block-column-is-layout-flow\" style=\"flex-basis:45%\">\n<div class=\"wp-block-columns is-layout-flex wp-container-core-columns-is-layout-2709eace wp-block-columns-is-layout-flex\">\n<div class=\"wp-block-column is-layout-flow wp-block-column-is-layout-flow\"><p><iframe onload=\"iFrameSetup(this)\" src=\"https:\/\/app.mirror-app.com\/feed-instagram\/1cc0b350-4901-40bc-bf23-ec8e76725592\/preview\" style=\"width:100%;border:none;overflow:hidden;\" scrolling=\"no\"><\/iframe><br \/>\n<script src=\"https:\/\/cdn.jsdelivr.net\/npm\/@mirrorapp\/iframe-bridge@latest\/dist\/index.umd.js\"><\/script><\/p>\n<\/div>\n<\/div>\n<\/div>\n\n\n\n<div class=\"wp-block-column is-vertically-aligned-center is-layout-flow wp-block-column-is-layout-flow\">\n<h1 class=\"wp-block-heading has-black-color has-text-color has-link-color wp-elements-22d5a0b346ce0690eb1d1f3873c11179\" style=\"margin-bottom:20px;font-size:clamp(31.152px, 1.947rem + ((1vw - 3.2px) * 1.863), 55px);font-style:normal;font-weight:800;line-height:1.4\">Siguenos en nuestro Instagram!<\/h1>\n\n\n\n<p class=\"has-black-color has-text-color has-link-color has-large-font-size wp-elements-7fd862b57b8000aa1031946397152791\" style=\"border-bottom-color:#0000001f;border-bottom-style:solid;border-bottom-width:1px;margin-bottom:40px;padding-bottom:40px\">Descubre y no te pierdas de nuestras actividades, eventos, experiencias y novedades.<\/p>\n<\/div>\n<\/div>\n<\/div>\n","protected":false},"excerpt":{"rendered":"<p>BIENVENIDOS AL DEPARTAMENTO DE IDIOMAS EXTRANJEROS Un espacio donde el aprendizaje del ingl\u00e9s impulsa la comunicaci\u00f3n, la diversidad cultural y el crecimiento acad\u00e9mico. NUESTRAS CARRERAS Explora nuestras carreras Te invitamos a explorar nuestras carreras y descubrir las oportunidades acad\u00e9micas y profesionales que ofrece el estudio del idioma ingl\u00e9s. Encuentra una formaci\u00f3n acorde a tus intereses [&hellip;]<\/p>\n","protected":false},"author":1,"featured_media":0,"parent":0,"menu_order":0,"comment_status":"closed","ping_status":"closed","template":"","meta":{"footnotes":""},"class_list":["post-84","page","type-page","status-publish","hentry"],"blocksy_meta":{"page_structure_type":"type-4","content_style_source":"custom","content_style":"wide","vertical_spacing_source":"custom","content_area_spacing":"none","styles_descriptor":{"styles":{"desktop":"[data-prefix=\"single_page\"] {background-color:#C9631F;background-image:none;} [data-prefix=\"single_page\"] [class*=\"ct-container\"] > article[class*=\"post\"] {--has-boxed:var(--false);--has-wide:var(--true);}","tablet":"","mobile":""},"google_fonts":[],"version":6},"disable_featured_image":"yes","disable_share_box":"yes","background":{"background_type":"color","background_pattern":"type-1","background_image":{"attachment_id":null,"x":0,"y":0},"gradient":"linear-gradient(135deg,rgba(6,147,227,1) 0%,rgb(155,81,224) 100%)","background_repeat":"repeat","background_size":"auto","background_attachment":"scroll","patternColor":{"default":{"color":"#e5e7ea"}},"overlayColor":{"default":{"color":"CT_CSS_SKIP_RULE"}},"backgroundColor":{"default":{"color":"#C9631F"}}}},"_links":{"self":[{"href":"https:\/\/www.val-valen.cl\/musica\/wordpress\/wp-json\/wp\/v2\/pages\/84","targetHints":{"allow":["GET"]}}],"collection":[{"href":"https:\/\/www.val-valen.cl\/musica\/wordpress\/wp-json\/wp\/v2\/pages"}],"about":[{"href":"https:\/\/www.val-valen.cl\/musica\/wordpress\/wp-json\/wp\/v2\/types\/page"}],"author":[{"embeddable":true,"href":"https:\/\/www.val-valen.cl\/musica\/wordpress\/wp-json\/wp\/v2\/users\/1"}],"replies":[{"embeddable":true,"href":"https:\/\/www.val-valen.cl\/musica\/wordpress\/wp-json\/wp\/v2\/comments?post=84"}],"version-history":[{"count":148,"href":"https:\/\/www.val-valen.cl\/musica\/wordpress\/wp-json\/wp\/v2\/pages\/84\/revisions"}],"predecessor-version":[{"id":1404,"href":"https:\/\/www.val-valen.cl\/musica\/wordpress\/wp-json\/wp\/v2\/pages\/84\/revisions\/1404"}],"wp:attachment":[{"href":"https:\/\/www.val-valen.cl\/musica\/wordpress\/wp-json\/wp\/v2\/media?parent=84"}],"curies":[{"name":"wp","href":"https:\/\/api.w.org\/{rel}","templated":true}]}}