{"id":997,"date":"2025-12-06T22:17:04","date_gmt":"2025-12-07T01:17:04","guid":{"rendered":"https:\/\/www.val-valen.cl\/musica\/wordpress\/cuerpo-academico\/"},"modified":"2026-02-07T23:08:06","modified_gmt":"2026-02-08T02:08:06","slug":"cuerpo-academico","status":"publish","type":"page","link":"https:\/\/www.val-valen.cl\/musica\/wordpress\/cuerpo-academico\/","title":{"rendered":"CUERPO ACADEMICO"},"content":{"rendered":"\n<div class=\"wp-block-group alignfull has-black-background-color has-background is-layout-constrained wp-block-group-is-layout-constrained\" style=\"margin-top:-65px;margin-bottom:-65px;padding-top:15rem;padding-bottom:15rem;background-image:url(&apos;https:\/\/www.val-valen.cl\/musica\/wordpress\/wp-content\/uploads\/2025\/12\/Recurso-1.png&apos;);background-position:49% 19%;background-size:cover;\">\n<p class=\"has-text-align-center has-white-color has-text-color has-link-color wp-elements-1591d1a07f3a0991917b096f4a745822\" style=\"margin-bottom:20px;font-style:normal;font-weight:500\"><\/p>\n\n\n\n<h1 class=\"wp-block-heading has-text-align-center has-white-color has-text-color has-link-color has-xx-large-font-size wp-elements-23070bcd7535b87079bb23124c5d63e5\" style=\"margin-top:0;margin-bottom:20px;font-style:normal;font-weight:800;line-height:1.2\">CUERPO ACADEMICO<\/h1>\n\n\n\n<p class=\"has-text-align-center has-white-color has-text-color has-link-color wp-elements-26e6dae513bdd3b41af297b55d9be108\" style=\"margin-bottom:var(--wp--preset--spacing--80)\"><\/p>\n<\/div>\n\n\n\n<div class=\"wp-block-group alignfull has-background is-layout-constrained wp-block-group-is-layout-constrained\" style=\"background-color:#303880;margin-top:var(--wp--preset--spacing--70);margin-bottom:var(--wp--preset--spacing--70);padding-top:7rem;padding-bottom:7rem\">\n<p><\/p>\n\n\n\n<h1 class=\"wp-block-heading has-text-align-center has-white-color has-text-color has-link-color wp-elements-fda16105e4bf116163d031645e50ba84\" style=\"margin-top:0;margin-bottom:20px;font-size:clamp(36.08px, 2.255rem + ((1vw - 3.2px) * 2.338), 66px);font-style:normal;font-weight:800;line-height:1.2\">Quienes te acompa\u00f1an en tu formaci\u00f3n<\/h1>\n\n\n\n<p class=\"has-text-align-center has-white-color has-text-color has-link-color wp-elements-227f5e23be963a87759e4ba57b7fbf1e\" style=\"margin-bottom:var(--wp--preset--spacing--80);font-size:clamp(15.197px, 0.95rem + ((1vw - 3.2px) * 0.61), 23px);\">Nuestro equipo docente est\u00e1 conformado por profesionales especializados en el \u00e1rea de los idiomas, con experiencia en docencia, investigaci\u00f3n y vinculaci\u00f3n con el medio. Conoce a quienes forman parte del Departamento de Idiomas y contribuyen al desarrollo acad\u00e9mico de nuestra comunidad universitaria.<\/p>\n<\/div>\n\n\n\n<div class=\"wp-block-group alignfull has-background is-layout-constrained wp-block-group-is-layout-constrained\" style=\"background-color:#ce9342;margin-top:-55px;margin-bottom:-55px;padding-top:2.3rem;padding-bottom:2.3rem\">\n<p class=\"has-text-align-center has-white-color has-text-color has-link-color wp-elements-1591d1a07f3a0991917b096f4a745822\" style=\"margin-bottom:20px;font-style:normal;font-weight:500\"><\/p>\n<\/div>\n\n\n\n<div class=\"wp-block-group alignfull is-layout-constrained wp-block-group-is-layout-constrained\">\n<div class=\"wp-block-group alignfull has-background is-layout-constrained wp-block-group-is-layout-constrained\" style=\"background-color:#678fca;padding-top:7rem;padding-bottom:7rem\">\n<h1 class=\"wp-block-heading has-text-align-center has-palette-color-8-color has-text-color has-link-color wp-elements-6d6975439cb8e807aea6abcd7203ce4f\" style=\"margin-top:0;font-size:clamp(32.518px, 2.032rem + ((1vw - 3.2px) * 1.991), 58px);font-style:normal;font-weight:800;line-height:1.2\">DIRECTOR DEL DEPARTAMENTO DE IDIOMAS EXTRANJEROS<\/h1>\n\n\n\n<p><\/p>\n\n\n\n<div class=\"wp-block-columns is-layout-flex wp-container-core-columns-is-layout-2709eace wp-block-columns-is-layout-flex\">\n<div class=\"wp-block-column has-border-color is-layout-flow wp-block-column-is-layout-flow\" style=\"border-color:#0000001f;border-style:solid;border-width:2px;border-radius:20px;padding-top:30px;padding-right:30px;padding-bottom:30px;padding-left:30px\">\n<p class=\"has-text-align-center\"><\/p>\n<\/div>\n\n\n\n<div class=\"wp-block-column has-border-color has-palette-color-8-background-color has-background is-layout-flow wp-block-column-is-layout-flow\" style=\"border-color:#0000001f;border-style:solid;border-width:2px;border-radius:20px;padding-top:30px;padding-right:30px;padding-bottom:30px;padding-left:30px\">\n<div class=\"wp-block-group is-content-justification-center is-nowrap is-layout-flex wp-container-core-group-is-layout-faecc223 wp-block-group-is-layout-flex\" style=\"margin-bottom:50px\"><\/div>\n\n\n\n<h2 class=\"wp-block-heading has-text-align-center has-black-color has-text-color has-link-color has-medium-font-size wp-elements-dc23e9346aa32e3cdb00b1a917b9bfc7\" style=\"margin-top:0px\"><strong>Justo Gallardo<\/strong><\/h2>\n\n\n\n<p class=\"has-text-align-center has-text-color has-link-color wp-elements-4f484fc71b133552b3e1a5f48edf519f\" style=\"color:#000000a8;margin-bottom:0px\">Doctor in Philosophy Education<\/p>\n\n\n\n<p class=\"has-text-align-center has-text-color has-link-color wp-elements-68a018592d84a16d4ff92552336cd93d\" style=\"color:#000000a8;margin-bottom:0px\">Mag\u00edster en Dise\u00f1o Instruccional<\/p>\n\n\n\n<p class=\"has-text-align-center has-text-color has-link-color wp-elements-db03da21e623c04143f0c2ce65f362b2\" style=\"color:#000000a8;margin-bottom:0px\">Profesor de Estado en Ingl\u00e9s<\/p>\n<\/div>\n\n\n\n<div class=\"wp-block-column has-border-color is-layout-flow wp-block-column-is-layout-flow\" style=\"border-color:#0000001f;border-style:solid;border-width:2px;border-radius:20px;padding-top:30px;padding-right:30px;padding-bottom:30px;padding-left:30px\"><\/div>\n<\/div>\n<\/div>\n\n\n\n<div class=\"wp-block-group alignfull has-background is-layout-constrained wp-block-group-is-layout-constrained\" style=\"background-color:#678fca;margin-top:-100px;margin-bottom:-100px;padding-top:7rem;padding-bottom:7rem\">\n<h1 class=\"wp-block-heading has-text-align-center has-palette-color-8-color has-text-color has-link-color wp-elements-5374fd46c6bf91b6317410f5feef34ac\" style=\"margin-top:0;font-size:clamp(32.518px, 2.032rem + ((1vw - 3.2px) * 1.991), 58px);font-style:normal;font-weight:800;line-height:1.2\">JEFA DE CARRERA PEDAGOG\u00cdA EN INGL\u00c9S<\/h1>\n\n\n\n<p><\/p>\n\n\n\n<div class=\"wp-block-columns is-layout-flex wp-container-core-columns-is-layout-2709eace wp-block-columns-is-layout-flex\">\n<div class=\"wp-block-column has-border-color is-layout-flow wp-block-column-is-layout-flow\" style=\"border-color:#0000001f;border-style:solid;border-width:2px;border-radius:20px;padding-top:30px;padding-right:30px;padding-bottom:30px;padding-left:30px\">\n<p class=\"has-text-align-center\"><\/p>\n<\/div>\n\n\n\n<div class=\"wp-block-column has-border-color has-palette-color-8-background-color has-background is-layout-flow wp-block-column-is-layout-flow\" style=\"border-color:#0000001f;border-style:solid;border-width:2px;border-radius:20px;padding-top:30px;padding-right:30px;padding-bottom:30px;padding-left:30px\">\n<div class=\"wp-block-group is-content-justification-center is-nowrap is-layout-flex wp-container-core-group-is-layout-faecc223 wp-block-group-is-layout-flex\" style=\"margin-bottom:50px\"><\/div>\n\n\n\n<h2 class=\"wp-block-heading has-text-align-center has-black-color has-text-color has-link-color has-medium-font-size wp-elements-514ea69010f644969df00f2e9e1b8a7e\" style=\"margin-top:0px\"><strong>In\u00e9s Castro<\/strong><\/h2>\n\n\n\n<p class=\"has-text-align-center has-text-color has-link-color wp-elements-f596649437a24097616b6143a3182188\" style=\"color:#000000a8;margin-bottom:0px\"><a href=\"https:\/\/www.linkedin.com\/school\/8094\/\">Master of Science (MSc) in TESOL, English Language Teaching<\/a><\/p>\n\n\n\n<p class=\"has-text-align-center has-text-color has-link-color wp-elements-e291f7933aaceff2b445b2bfd3d1fb45\" style=\"color:#000000a8;margin-bottom:0px\"><a href=\"https:\/\/www.linkedin.com\/school\/565573\/\">Profesor de Ingl\u00e9s y Licenciado en Educaci\u00f3n, Profesor de Ingl\u00e9s en Ense\u00f1anza Media- Licenciado en Educaci\u00f3n<\/a><\/p>\n<\/div>\n\n\n\n<div class=\"wp-block-column has-border-color is-layout-flow wp-block-column-is-layout-flow\" style=\"border-color:#0000001f;border-style:solid;border-width:2px;border-radius:20px;padding-top:30px;padding-right:30px;padding-bottom:30px;padding-left:30px\"><\/div>\n<\/div>\n<\/div>\n\n\n\n<div class=\"wp-block-group alignfull has-background is-layout-constrained wp-block-group-is-layout-constrained\" style=\"background-color:#678fca;margin-top:-100px;margin-bottom:-100px;padding-top:7rem;padding-bottom:7rem\">\n<h1 class=\"wp-block-heading has-text-align-center has-palette-color-8-color has-text-color has-link-color wp-elements-ca90e99da611369644e7a85487c45318\" style=\"margin-top:0;font-size:clamp(32.518px, 2.032rem + ((1vw - 3.2px) * 1.991), 58px);font-style:normal;font-weight:800;line-height:1.2\">JEFA DE CARRERA LICENCIATURA EN INGL\u00c9S<\/h1>\n\n\n\n<p><\/p>\n\n\n\n<div class=\"wp-block-columns is-layout-flex wp-container-core-columns-is-layout-2709eace wp-block-columns-is-layout-flex\">\n<div class=\"wp-block-column has-border-color is-layout-flow wp-block-column-is-layout-flow\" style=\"border-color:#0000001f;border-style:solid;border-width:2px;border-radius:20px;padding-top:30px;padding-right:30px;padding-bottom:30px;padding-left:30px\">\n<p class=\"has-text-align-center\"><\/p>\n<\/div>\n\n\n\n<div class=\"wp-block-column has-border-color has-palette-color-8-background-color has-background is-layout-flow wp-block-column-is-layout-flow\" style=\"border-color:#0000001f;border-style:solid;border-width:2px;border-radius:20px;padding-top:30px;padding-right:30px;padding-bottom:30px;padding-left:30px\">\n<div class=\"wp-block-group is-content-justification-center is-nowrap is-layout-flex wp-container-core-group-is-layout-faecc223 wp-block-group-is-layout-flex\" style=\"margin-bottom:50px\"><\/div>\n\n\n\n<h2 class=\"wp-block-heading has-text-align-center has-black-color has-text-color has-link-color has-medium-font-size wp-elements-0f769ab24791929bfe72316812dd4c4b\" style=\"margin-top:0px\"><strong>Victor Camara<\/strong><\/h2>\n\n\n\n<p class=\"has-text-align-center has-text-color has-link-color wp-elements-e25901a8b18455101529e92cc96136e8\" style=\"color:#000000a8;margin-bottom:0px\">T<a href=\"https:\/\/www.linkedin.com\/school\/8094\/\">raductor Ingl\u00e9s-Espa\u00f1ol-Ingl\u00e9<\/a>s<\/p>\n\n\n\n<p class=\"has-text-align-center has-text-color has-link-color wp-elements-3507f6b0066d8c4fda019696dc0d14a4\" style=\"color:#000000a8;margin-bottom:0px\"><a href=\"https:\/\/www.linkedin.com\/school\/565573\/\">Mag\u00edster en Educaci\u00f3n menci\u00f3n Docencia<\/a><\/p>\n<\/div>\n\n\n\n<div class=\"wp-block-column has-border-color is-layout-flow wp-block-column-is-layout-flow\" style=\"border-color:#0000001f;border-style:solid;border-width:2px;border-radius:20px;padding-top:30px;padding-right:30px;padding-bottom:30px;padding-left:30px\"><\/div>\n<\/div>\n<\/div>\n\n\n\n<div class=\"wp-block-group alignfull has-background is-layout-constrained wp-block-group-is-layout-constrained\" style=\"background-color:#678fca;padding-top:7rem;padding-bottom:7rem\">\n<h1 class=\"wp-block-heading has-text-align-center has-palette-color-8-color has-text-color has-link-color wp-elements-45e0316352f28a544dd97cebe901a0a8\" style=\"margin-top:0;font-size:clamp(32.518px, 2.032rem + ((1vw - 3.2px) * 1.991), 58px);font-style:normal;font-weight:800;line-height:1.2\">SECRETARIA DE JEFATURAS DE CARRERA<\/h1>\n\n\n\n<p><\/p>\n\n\n\n<div class=\"wp-block-columns is-layout-flex wp-container-core-columns-is-layout-2709eace wp-block-columns-is-layout-flex\">\n<div class=\"wp-block-column has-border-color is-layout-flow wp-block-column-is-layout-flow\" style=\"border-color:#0000001f;border-style:solid;border-width:2px;border-radius:20px;padding-top:30px;padding-right:30px;padding-bottom:30px;padding-left:30px\">\n<p class=\"has-text-align-center\"><\/p>\n<\/div>\n\n\n\n<div class=\"wp-block-column has-border-color has-palette-color-8-background-color has-background is-layout-flow wp-block-column-is-layout-flow\" style=\"border-color:#0000001f;border-style:solid;border-width:2px;border-radius:20px;padding-top:30px;padding-right:30px;padding-bottom:30px;padding-left:30px\">\n<div class=\"wp-block-group is-content-justification-center is-nowrap is-layout-flex wp-container-core-group-is-layout-faecc223 wp-block-group-is-layout-flex\" style=\"margin-bottom:50px\"><\/div>\n\n\n\n<h2 class=\"wp-block-heading has-text-align-center has-black-color has-text-color has-link-color has-medium-font-size wp-elements-b9bde4777fc9ec58eb74e2fd7afbefe6\" style=\"margin-top:0px\"><strong>Andrea Osorio<\/strong><\/h2>\n\n\n\n<p class=\"has-text-align-center has-text-color has-link-color wp-elements-f1998b9be01f8397beb233a6fbbc394f\" style=\"color:#000000a8;margin-bottom:0px\">Profesora de Ingl\u00e9s<\/p>\n\n\n\n<p class=\"has-text-align-center has-text-color has-link-color wp-elements-1761b793b5c6c7b81fbcf09e1b8dda99\" style=\"color:#000000a8;margin-bottom:0px\"><\/p>\n\n\n\n<p class=\"has-text-align-center has-text-color has-link-color wp-elements-1761b793b5c6c7b81fbcf09e1b8dda99\" style=\"color:#000000a8;margin-bottom:0px\"><\/p>\n<\/div>\n\n\n\n<div class=\"wp-block-column has-border-color is-layout-flow wp-block-column-is-layout-flow\" style=\"border-color:#0000001f;border-style:solid;border-width:2px;border-radius:20px;padding-top:30px;padding-right:30px;padding-bottom:30px;padding-left:30px\"><\/div>\n<\/div>\n<\/div>\n<\/div>\n\n\n\n<div class=\"wp-block-group alignfull has-background is-layout-constrained wp-block-group-is-layout-constrained\" style=\"background-color:#303880;margin-top:-25px;margin-bottom:-25px;padding-top:7rem;padding-bottom:7rem\">\n<h1 class=\"wp-block-heading has-text-align-center has-palette-color-8-color has-text-color has-link-color wp-elements-bc9acaa5ce125639442413018c08cbf8\" style=\"margin-top:0;margin-bottom:var(--wp--preset--spacing--60);font-size:clamp(32.518px, 2.032rem + ((1vw - 3.2px) * 1.991), 58px);font-style:normal;font-weight:800;line-height:1.2\">ACADEMICOS<\/h1>\n\n\n\n<p><\/p>\n\n\n\n<div class=\"wp-block-columns is-layout-flex wp-container-core-columns-is-layout-2709eace wp-block-columns-is-layout-flex\">\n<div class=\"wp-block-column has-border-color has-palette-color-8-background-color has-background is-layout-flow wp-block-column-is-layout-flow\" style=\"border-color:#0000001f;border-style:solid;border-width:2px;border-radius:20px;padding-top:30px;padding-right:30px;padding-bottom:30px;padding-left:30px\">\n<div class=\"wp-block-group is-content-justification-center is-nowrap is-layout-flex wp-container-core-group-is-layout-faecc223 wp-block-group-is-layout-flex\" style=\"margin-bottom:50px\"><\/div>\n\n\n\n<h2 class=\"wp-block-heading has-text-align-center has-black-color has-text-color has-link-color has-medium-font-size wp-elements-bd459f55f638e75b040ca1e38c1398f5\" style=\"margin-top:0px\">M\u00f3nica Adasme Neira<\/h2>\n\n\n\n<p class=\"has-text-align-center has-text-color has-link-color wp-elements-02ac4f8e803e986504a92a2e369cd575\" style=\"color:#000000a8;margin-bottom:30px\">Profesor Asistente<\/p>\n<\/div>\n\n\n\n<div class=\"wp-block-column has-border-color has-palette-color-8-background-color has-background is-layout-flow wp-block-column-is-layout-flow\" style=\"border-color:#0000001f;border-style:solid;border-width:2px;border-radius:20px;padding-top:30px;padding-right:30px;padding-bottom:30px;padding-left:30px\">\n<div class=\"wp-block-group is-content-justification-center is-nowrap is-layout-flex wp-container-core-group-is-layout-faecc223 wp-block-group-is-layout-flex\" style=\"margin-bottom:50px\"><\/div>\n\n\n\n<h2 class=\"wp-block-heading has-text-align-center has-black-color has-text-color has-link-color has-medium-font-size wp-elements-4eea1444677da7bfeb1d5786a1075e40\" style=\"margin-top:0px\">Mar\u00eda Alvarado Guti\u00e9rrez<\/h2>\n\n\n\n<p class=\"has-text-align-center has-text-color has-link-color wp-elements-02ac4f8e803e986504a92a2e369cd575\" style=\"color:#000000a8;margin-bottom:30px\">Profesor Asistente<\/p>\n<\/div>\n\n\n\n<div class=\"wp-block-column has-border-color has-palette-color-8-background-color has-background is-layout-flow wp-block-column-is-layout-flow\" style=\"border-color:#0000001f;border-style:solid;border-width:2px;border-radius:20px;padding-top:30px;padding-right:30px;padding-bottom:30px;padding-left:30px\">\n<div class=\"wp-block-group is-content-justification-center is-nowrap is-layout-flex wp-container-core-group-is-layout-faecc223 wp-block-group-is-layout-flex\" style=\"margin-bottom:50px\"><\/div>\n\n\n\n<h2 class=\"wp-block-heading has-text-align-center has-black-color has-text-color has-link-color has-medium-font-size wp-elements-0c06b297ee07326523543c6de786349a\" style=\"margin-top:0px\">Victor Camara Camara<\/h2>\n\n\n\n<p class=\"has-text-align-center has-text-color has-link-color wp-elements-02ac4f8e803e986504a92a2e369cd575\" style=\"color:#000000a8;margin-bottom:30px\">Profesor Asistente<\/p>\n<\/div>\n<\/div>\n\n\n\n<div class=\"wp-block-group alignfull has-background is-layout-constrained wp-block-group-is-layout-constrained\" style=\"background-color:#303880;padding-top:7rem;padding-bottom:7rem\">\n<div class=\"wp-block-columns is-layout-flex wp-container-core-columns-is-layout-2709eace wp-block-columns-is-layout-flex\">\n<div class=\"wp-block-column has-border-color has-palette-color-8-background-color has-background is-layout-flow wp-block-column-is-layout-flow\" style=\"border-color:#0000001f;border-style:solid;border-width:2px;border-radius:20px;padding-top:30px;padding-right:30px;padding-bottom:30px;padding-left:30px\">\n<div class=\"wp-block-group is-content-justification-center is-nowrap is-layout-flex wp-container-core-group-is-layout-faecc223 wp-block-group-is-layout-flex\" style=\"margin-bottom:50px\"><\/div>\n\n\n\n<h2 class=\"wp-block-heading has-text-align-center has-black-color has-text-color has-link-color has-medium-font-size wp-elements-3eb709ccb1785c1b62143661a233e283\" style=\"margin-top:0px\">Daniel Valcarce Llancapichun<\/h2>\n\n\n\n<p class=\"has-text-align-center has-text-color has-link-color wp-elements-02ac4f8e803e986504a92a2e369cd575\" style=\"color:#000000a8;margin-bottom:30px\">Profesor Asistente<\/p>\n<\/div>\n\n\n\n<div class=\"wp-block-column has-border-color has-palette-color-8-background-color has-background is-layout-flow wp-block-column-is-layout-flow\" style=\"border-color:#0000001f;border-style:solid;border-width:2px;border-radius:20px;padding-top:30px;padding-right:30px;padding-bottom:30px;padding-left:30px\">\n<div class=\"wp-block-group is-content-justification-center is-nowrap is-layout-flex wp-container-core-group-is-layout-faecc223 wp-block-group-is-layout-flex\" style=\"margin-bottom:50px\"><\/div>\n\n\n\n<h2 class=\"wp-block-heading has-text-align-center has-black-color has-text-color has-link-color has-medium-font-size wp-elements-c5db89da27160ada9eb948ad9e227f14\" style=\"margin-top:0px\">Eduardo Veliz Ojeda<\/h2>\n\n\n\n<p class=\"has-text-align-center has-text-color has-link-color wp-elements-02ac4f8e803e986504a92a2e369cd575\" style=\"color:#000000a8;margin-bottom:30px\">Profesor Asistente<\/p>\n<\/div>\n\n\n\n<div class=\"wp-block-column has-border-color has-palette-color-8-background-color has-background is-layout-flow wp-block-column-is-layout-flow\" style=\"border-color:#0000001f;border-style:solid;border-width:2px;border-radius:20px;padding-top:30px;padding-right:30px;padding-bottom:30px;padding-left:30px\">\n<div class=\"wp-block-group is-content-justification-center is-nowrap is-layout-flex wp-container-core-group-is-layout-faecc223 wp-block-group-is-layout-flex\" style=\"margin-bottom:50px\"><\/div>\n\n\n\n<h2 class=\"wp-block-heading has-text-align-center has-black-color has-text-color has-link-color has-medium-font-size wp-elements-7987c5a10712e6803db15ae6fdc003ca\" style=\"margin-top:0px\">Justo Gallardo Olcay<\/h2>\n\n\n\n<p class=\"has-text-align-center has-text-color has-link-color wp-elements-70a8504b34aedcfbc7d9b5869577496d\" style=\"color:#000000a8;margin-bottom:30px\">Profesor Titular<\/p>\n<\/div>\n<\/div>\n<\/div>\n<\/div>\n\n\n\n<p><\/p>\n","protected":false},"excerpt":{"rendered":"<p>CUERPO ACADEMICO Quienes te acompa\u00f1an en tu formaci\u00f3n Nuestro equipo docente est\u00e1 conformado por profesionales especializados en el \u00e1rea de los idiomas, con experiencia en docencia, investigaci\u00f3n y vinculaci\u00f3n con el medio. Conoce a quienes forman parte del Departamento de Idiomas y contribuyen al desarrollo acad\u00e9mico de nuestra comunidad universitaria. DIRECTOR DEL DEPARTAMENTO DE IDIOMAS [&hellip;]<\/p>\n","protected":false},"author":1,"featured_media":0,"parent":0,"menu_order":0,"comment_status":"closed","ping_status":"closed","template":"full-width","meta":{"footnotes":""},"class_list":["post-997","page","type-page","status-publish","hentry"],"blocksy_meta":[],"_links":{"self":[{"href":"https:\/\/www.val-valen.cl\/musica\/wordpress\/wp-json\/wp\/v2\/pages\/997","targetHints":{"allow":["GET"]}}],"collection":[{"href":"https:\/\/www.val-valen.cl\/musica\/wordpress\/wp-json\/wp\/v2\/pages"}],"about":[{"href":"https:\/\/www.val-valen.cl\/musica\/wordpress\/wp-json\/wp\/v2\/types\/page"}],"author":[{"embeddable":true,"href":"https:\/\/www.val-valen.cl\/musica\/wordpress\/wp-json\/wp\/v2\/users\/1"}],"replies":[{"embeddable":true,"href":"https:\/\/www.val-valen.cl\/musica\/wordpress\/wp-json\/wp\/v2\/comments?post=997"}],"version-history":[{"count":59,"href":"https:\/\/www.val-valen.cl\/musica\/wordpress\/wp-json\/wp\/v2\/pages\/997\/revisions"}],"predecessor-version":[{"id":1420,"href":"https:\/\/www.val-valen.cl\/musica\/wordpress\/wp-json\/wp\/v2\/pages\/997\/revisions\/1420"}],"wp:attachment":[{"href":"https:\/\/www.val-valen.cl\/musica\/wordpress\/wp-json\/wp\/v2\/media?parent=997"}],"curies":[{"name":"wp","href":"https:\/\/api.w.org\/{rel}","templated":true}]}}